{"id":719,"date":"2024-04-01T17:15:31","date_gmt":"2024-04-01T15:15:31","guid":{"rendered":"https:\/\/loca-prestigemontblanc.fr\/?page_id=719"},"modified":"2024-04-01T17:57:30","modified_gmt":"2024-04-01T15:57:30","slug":"equipement","status":"publish","type":"page","link":"https:\/\/loca-prestigemontblanc.fr\/?page_id=719","title":{"rendered":"Equipement"},"content":{"rendered":"\t\t<div data-elementor-type=\"wp-page\" data-elementor-id=\"719\" class=\"elementor elementor-719\">\n\t\t\t\t<div class=\"elementor-element elementor-element-c087ab2 e-flex e-con-boxed e-con e-parent\" data-id=\"c087ab2\" data-element_type=\"container\" data-e-type=\"container\">\n\t\t\t\t\t<div class=\"e-con-inner\">\n\t\t\t\t<div class=\"elementor-element elementor-element-44d4f16 elementor-widget elementor-widget-spacer\" data-id=\"44d4f16\" data-element_type=\"widget\" data-e-type=\"widget\" data-widget_type=\"spacer.default\">\n\t\t\t\t<div class=\"elementor-widget-container\">\n\t\t\t\t\t\t\t<div class=\"elementor-spacer\">\n\t\t\t<div class=\"elementor-spacer-inner\"><\/div>\n\t\t<\/div>\n\t\t\t\t\t\t<\/div>\n\t\t\t\t<\/div>\n\t\t\t\t\t<\/div>\n\t\t\t\t<\/div>\n\t\t<div class=\"elementor-element elementor-element-6abe5ab e-flex e-con-boxed e-con e-parent\" data-id=\"6abe5ab\" data-element_type=\"container\" data-e-type=\"container\">\n\t\t\t\t\t<div class=\"e-con-inner\">\n\t\t\t\t<div class=\"elementor-element elementor-element-c83df56 elementor-widget-divider--view-line elementor-widget elementor-widget-divider\" data-id=\"c83df56\" data-element_type=\"widget\" data-e-type=\"widget\" data-widget_type=\"divider.default\">\n\t\t\t\t<div class=\"elementor-widget-container\">\n\t\t\t\t\t\t\t<div class=\"elementor-divider\">\n\t\t\t<span class=\"elementor-divider-separator\">\n\t\t\t\t\t\t<\/span>\n\t\t<\/div>\n\t\t\t\t\t\t<\/div>\n\t\t\t\t<\/div>\n\t\t\t\t\t<\/div>\n\t\t\t\t<\/div>\n\t\t<div class=\"elementor-element elementor-element-5191cbf e-flex e-con-boxed e-con e-parent\" data-id=\"5191cbf\" data-element_type=\"container\" data-e-type=\"container\">\n\t\t\t\t\t<div class=\"e-con-inner\">\n\t\t\t\t<div class=\"elementor-element elementor-element-9fceac1 elementor-widget elementor-widget-heading\" data-id=\"9fceac1\" data-element_type=\"widget\" data-e-type=\"widget\" data-widget_type=\"heading.default\">\n\t\t\t\t<div class=\"elementor-widget-container\">\n\t\t\t\t\t<h2 class=\"elementor-heading-title elementor-size-default\">Equipements du chalet \"La R\u00fbche\"<\/h2>\t\t\t\t<\/div>\n\t\t\t\t<\/div>\n\t\t\t\t\t<\/div>\n\t\t\t\t<\/div>\n\t\t<div class=\"elementor-element elementor-element-54e64e1 e-flex e-con-boxed e-con e-parent\" data-id=\"54e64e1\" data-element_type=\"container\" data-e-type=\"container\">\n\t\t\t\t\t<div class=\"e-con-inner\">\n\t\t\t\t<div class=\"elementor-element elementor-element-4f9f05d elementor-widget-divider--view-line elementor-widget elementor-widget-divider\" data-id=\"4f9f05d\" data-element_type=\"widget\" data-e-type=\"widget\" data-widget_type=\"divider.default\">\n\t\t\t\t<div class=\"elementor-widget-container\">\n\t\t\t\t\t\t\t<div class=\"elementor-divider\">\n\t\t\t<span class=\"elementor-divider-separator\">\n\t\t\t\t\t\t<\/span>\n\t\t<\/div>\n\t\t\t\t\t\t<\/div>\n\t\t\t\t<\/div>\n\t\t\t\t\t<\/div>\n\t\t\t\t<\/div>\n\t\t<div class=\"elementor-element elementor-element-e572f51 e-con-full e-flex e-con e-parent\" data-id=\"e572f51\" data-element_type=\"container\" data-e-type=\"container\">\n\t\t\t\t<div class=\"elementor-element elementor-element-f13d026 elementor-widget elementor-widget-text-editor\" data-id=\"f13d026\" data-element_type=\"widget\" data-e-type=\"widget\" data-widget_type=\"text-editor.default\">\n\t\t\t\t<div class=\"elementor-widget-container\">\n\t\t\t\t\t\t\t\t\t<p>Des prestation m\u00ealant raffinement et High Tech qui cr\u00e9ent cet atmosph\u00e8re de luxe et de privil\u00e8ge.<\/p><p>Le chalet La Ruche met a votre disposition\u00a0:<\/p><table border=\"0\"><tbody><tr><td><span style=\"font-size: medium;\"><img fetchpriority=\"high\" decoding=\"async\" class=\"size-medium wp-image-721 aligncenter\" src=\"https:\/\/loca-prestigemontblanc.fr\/wp-content\/uploads\/2024\/04\/IMG_0278-_-Salon-300x253.jpg\" alt=\"\" width=\"300\" height=\"253\" srcset=\"https:\/\/loca-prestigemontblanc.fr\/wp-content\/uploads\/2024\/04\/IMG_0278-_-Salon-300x253.jpg 300w, https:\/\/loca-prestigemontblanc.fr\/wp-content\/uploads\/2024\/04\/IMG_0278-_-Salon.jpg 400w\" sizes=\"(max-width: 300px) 100vw, 300px\" \/><\/span><\/td><td><p>Home Cin\u00e9ma avec grand \u00e9cran plasma TV<\/p><p>satellite dans le salon DVD th\u00e8que\u00a0.<\/p><p>T\u00e9l\u00e9phone fixe sans fil.<\/p><\/td><\/tr><tr><td><span style=\"font-size: medium;\"> <img decoding=\"async\" class=\"size-medium wp-image-722 aligncenter\" src=\"https:\/\/loca-prestigemontblanc.fr\/wp-content\/uploads\/2024\/04\/IMG_0267-_-Cuisine-300x178.jpg\" alt=\"\" width=\"300\" height=\"178\" srcset=\"https:\/\/loca-prestigemontblanc.fr\/wp-content\/uploads\/2024\/04\/IMG_0267-_-Cuisine-300x178.jpg 300w, https:\/\/loca-prestigemontblanc.fr\/wp-content\/uploads\/2024\/04\/IMG_0267-_-Cuisine.jpg 400w\" sizes=\"(max-width: 300px) 100vw, 300px\" \/><\/span><\/td><td><p>* TV \u00e9crans plats,<br \/>* cuisini\u00e8re professionnel 5 gaz 2 fours <br \/>(cuisine au gaz et \u00e9lectrique pour p\u00e2tisserie),<br \/>* un appareil \u00e0 raclette,<br \/>* deux appareils a fondue,<br \/>* une pierrade,<br \/>* une fontaine a chocolat,<br \/>* cafeti\u00e8re familiale expresso et cafeti\u00e8re tassimo,<br \/>* aspiration centralis\u00e9e,<br \/>&#8230;<\/p><\/td><\/tr><tr><td>\u00a0<\/td><td>Biblioth\u00e8que<\/td><\/tr><tr><td><span style=\"font-size: medium;\"><img decoding=\"async\" class=\"size-medium wp-image-724 aligncenter\" src=\"https:\/\/loca-prestigemontblanc.fr\/wp-content\/uploads\/2024\/04\/obs-300x153.jpg\" alt=\"\" width=\"300\" height=\"153\" srcset=\"https:\/\/loca-prestigemontblanc.fr\/wp-content\/uploads\/2024\/04\/obs-300x153.jpg 300w, https:\/\/loca-prestigemontblanc.fr\/wp-content\/uploads\/2024\/04\/obs.jpg 400w\" sizes=\"(max-width: 300px) 100vw, 300px\" \/><\/span><\/td><td>Observatoire avec longue vue<\/td><\/tr><tr><td><img loading=\"lazy\" decoding=\"async\" class=\"alignnone size-medium wp-image-729\" style=\"font-family: inherit; font-size: medium; font-style: inherit; font-weight: inherit;\" src=\"https:\/\/loca-prestigemontblanc.fr\/wp-content\/uploads\/2024\/04\/bureau-300x260.jpg\" alt=\"\" width=\"300\" height=\"260\" srcset=\"https:\/\/loca-prestigemontblanc.fr\/wp-content\/uploads\/2024\/04\/bureau-300x260.jpg 300w, https:\/\/loca-prestigemontblanc.fr\/wp-content\/uploads\/2024\/04\/bureau.jpg 400w\" sizes=\"(max-width: 300px) 100vw, 300px\" \/><\/td><td>Bureau avec balcon \u00e9quip\u00e9 de t\u00e9l\u00e9phone, <br \/>ordinateur, <br \/>imprimante copieur, <br \/>internet fibre illimit\u00e9<\/td><\/tr><tr><td><span style=\"font-size: medium;\">\u00a0<\/span><\/td><td>Cour priv\u00e9e goudronn\u00e9e et garage<\/td><\/tr><tr><td><span style=\"font-size: medium;\"><img loading=\"lazy\" decoding=\"async\" class=\"size-medium wp-image-736 aligncenter\" style=\"font-size: 16px;\" src=\"https:\/\/loca-prestigemontblanc.fr\/wp-content\/uploads\/2024\/04\/skiroom-266x300.jpg\" alt=\"\" width=\"266\" height=\"300\" srcset=\"https:\/\/loca-prestigemontblanc.fr\/wp-content\/uploads\/2024\/04\/skiroom-266x300.jpg 266w, https:\/\/loca-prestigemontblanc.fr\/wp-content\/uploads\/2024\/04\/skiroom.jpg 300w\" sizes=\"(max-width: 266px) 100vw, 266px\" \/><br \/><\/span><\/td><td><p>Ski room avec s\u00e8che chaussures<\/p><p>Dressing chauff\u00e9<\/p><\/td><\/tr><tr><td><span style=\"font-size: medium;\"><img loading=\"lazy\" decoding=\"async\" class=\"size-medium wp-image-737 aligncenter\" src=\"https:\/\/loca-prestigemontblanc.fr\/wp-content\/uploads\/2024\/04\/Wifi.jpg\" alt=\"\" width=\"126\" height=\"87\" \/><br \/><\/span><\/td><td>Acc\u00e8s Wi-Fi libre<\/td><\/tr><tr><td>\u00a0<\/td><td>Alarme \u00e0 code<\/td><\/tr><tr><td><span style=\"font-size: medium;\"><span style=\"font-size: small;\"><span style=\"font-size: medium;\"><img loading=\"lazy\" decoding=\"async\" class=\"size-medium wp-image-735 aligncenter\" style=\"font-size: 16px;\" src=\"https:\/\/loca-prestigemontblanc.fr\/wp-content\/uploads\/2024\/04\/coffre.jpg\" alt=\"\" width=\"124\" height=\"122\" \/><\/span><\/span><br \/><\/span><\/td><td>Coffre fort<\/td><\/tr><tr><td>\u00a0<\/td><td>Ventilation m\u00e9canique contr\u00f4l\u00e9e (VMC) hygrom\u00e9trique<\/td><\/tr><\/tbody><\/table>\t\t\t\t\t\t\t\t<\/div>\n\t\t\t\t<\/div>\n\t\t\t\t<\/div>\n\t\t\t\t<\/div>\n\t\t","protected":false},"excerpt":{"rendered":"<p>Equipements du chalet &#8220;La R\u00fbche&#8221; Des prestation m\u00ealant raffinement et High Tech qui cr\u00e9ent cet atmosph\u00e8re de luxe et de [&hellip;]<\/p>\n","protected":false},"author":1,"featured_media":0,"parent":0,"menu_order":0,"comment_status":"closed","ping_status":"closed","template":"","meta":{"site-sidebar-layout":"no-sidebar","site-content-layout":"","ast-site-content-layout":"full-width-container","site-content-style":"default","site-sidebar-style":"default","ast-global-header-display":"","ast-banner-title-visibility":"","ast-main-header-display":"","ast-hfb-above-header-display":"","ast-hfb-below-header-display":"","ast-hfb-mobile-header-display":"","site-post-title":"disabled","ast-breadcrumbs-content":"","ast-featured-img":"disabled","footer-sml-layout":"","theme-transparent-header-meta":"","adv-header-id-meta":"","stick-header-meta":"","header-above-stick-meta":"","header-main-stick-meta":"","header-below-stick-meta":"","astra-migrate-meta-layouts":"default","ast-page-background-enabled":"default","ast-page-background-meta":{"desktop":{"background-color":"var(--ast-global-color-4)","background-image":"","background-repeat":"repeat","background-position":"center center","background-size":"auto","background-attachment":"scroll","background-type":"","background-media":"","overlay-type":"","overlay-color":"","overlay-opacity":"","overlay-gradient":""},"tablet":{"background-color":"","background-image":"","background-repeat":"repeat","background-position":"center center","background-size":"auto","background-attachment":"scroll","background-type":"","background-media":"","overlay-type":"","overlay-color":"","overlay-opacity":"","overlay-gradient":""},"mobile":{"background-color":"","background-image":"","background-repeat":"repeat","background-position":"center center","background-size":"auto","background-attachment":"scroll","background-type":"","background-media":"","overlay-type":"","overlay-color":"","overlay-opacity":"","overlay-gradient":""}},"ast-content-background-meta":{"desktop":{"background-color":"var(--ast-global-color-5)","background-image":"","background-repeat":"repeat","background-position":"center center","background-size":"auto","background-attachment":"scroll","background-type":"","background-media":"","overlay-type":"","overlay-color":"","overlay-opacity":"","overlay-gradient":""},"tablet":{"background-color":"var(--ast-global-color-5)","background-image":"","background-repeat":"repeat","background-position":"center center","background-size":"auto","background-attachment":"scroll","background-type":"","background-media":"","overlay-type":"","overlay-color":"","overlay-opacity":"","overlay-gradient":""},"mobile":{"background-color":"var(--ast-global-color-5)","background-image":"","background-repeat":"repeat","background-position":"center center","background-size":"auto","background-attachment":"scroll","background-type":"","background-media":"","overlay-type":"","overlay-color":"","overlay-opacity":"","overlay-gradient":""}},"footnotes":""},"class_list":["post-719","page","type-page","status-publish","hentry"],"_links":{"self":[{"href":"https:\/\/loca-prestigemontblanc.fr\/index.php?rest_route=\/wp\/v2\/pages\/719","targetHints":{"allow":["GET"]}}],"collection":[{"href":"https:\/\/loca-prestigemontblanc.fr\/index.php?rest_route=\/wp\/v2\/pages"}],"about":[{"href":"https:\/\/loca-prestigemontblanc.fr\/index.php?rest_route=\/wp\/v2\/types\/page"}],"author":[{"embeddable":true,"href":"https:\/\/loca-prestigemontblanc.fr\/index.php?rest_route=\/wp\/v2\/users\/1"}],"replies":[{"embeddable":true,"href":"https:\/\/loca-prestigemontblanc.fr\/index.php?rest_route=%2Fwp%2Fv2%2Fcomments&post=719"}],"version-history":[{"count":10,"href":"https:\/\/loca-prestigemontblanc.fr\/index.php?rest_route=\/wp\/v2\/pages\/719\/revisions"}],"predecessor-version":[{"id":740,"href":"https:\/\/loca-prestigemontblanc.fr\/index.php?rest_route=\/wp\/v2\/pages\/719\/revisions\/740"}],"wp:attachment":[{"href":"https:\/\/loca-prestigemontblanc.fr\/index.php?rest_route=%2Fwp%2Fv2%2Fmedia&parent=719"}],"curies":[{"name":"wp","href":"https:\/\/api.w.org\/{rel}","templated":true}]}}