{"id":642,"date":"2024-04-01T15:24:49","date_gmt":"2024-04-01T13:24:49","guid":{"rendered":"https:\/\/loca-prestigemontblanc.fr\/?page_id=642"},"modified":"2024-04-01T15:25:59","modified_gmt":"2024-04-01T13:25:59","slug":"conditions-generales-de-reservation","status":"publish","type":"page","link":"https:\/\/loca-prestigemontblanc.fr\/?page_id=642","title":{"rendered":"CONDITIONS GENERALES DE RESERVATION"},"content":{"rendered":"\t\t<div data-elementor-type=\"wp-page\" data-elementor-id=\"642\" class=\"elementor elementor-642\">\n\t\t\t\t<div class=\"elementor-element elementor-element-54e69e9 e-flex e-con-boxed e-con e-parent\" data-id=\"54e69e9\" data-element_type=\"container\" data-e-type=\"container\">\n\t\t\t\t\t<div class=\"e-con-inner\">\n\t\t\t\t<div class=\"elementor-element elementor-element-c7b178c elementor-widget elementor-widget-spacer\" data-id=\"c7b178c\" data-element_type=\"widget\" data-e-type=\"widget\" data-widget_type=\"spacer.default\">\n\t\t\t\t<div class=\"elementor-widget-container\">\n\t\t\t\t\t\t\t<div class=\"elementor-spacer\">\n\t\t\t<div class=\"elementor-spacer-inner\"><\/div>\n\t\t<\/div>\n\t\t\t\t\t\t<\/div>\n\t\t\t\t<\/div>\n\t\t\t\t\t<\/div>\n\t\t\t\t<\/div>\n\t\t<div class=\"elementor-element elementor-element-d9d3eae e-flex e-con-boxed e-con e-parent\" data-id=\"d9d3eae\" data-element_type=\"container\" data-e-type=\"container\">\n\t\t\t\t\t<div class=\"e-con-inner\">\n\t\t\t\t<div class=\"elementor-element elementor-element-3e06031 elementor-widget-divider--view-line elementor-widget elementor-widget-divider\" data-id=\"3e06031\" data-element_type=\"widget\" data-e-type=\"widget\" data-widget_type=\"divider.default\">\n\t\t\t\t<div class=\"elementor-widget-container\">\n\t\t\t\t\t\t\t<div class=\"elementor-divider\">\n\t\t\t<span class=\"elementor-divider-separator\">\n\t\t\t\t\t\t<\/span>\n\t\t<\/div>\n\t\t\t\t\t\t<\/div>\n\t\t\t\t<\/div>\n\t\t\t\t\t<\/div>\n\t\t\t\t<\/div>\n\t\t<div class=\"elementor-element elementor-element-a34ad06 e-flex e-con-boxed e-con e-parent\" data-id=\"a34ad06\" data-element_type=\"container\" data-e-type=\"container\">\n\t\t\t\t\t<div class=\"e-con-inner\">\n\t\t\t\t<div class=\"elementor-element elementor-element-c674772 elementor-widget elementor-widget-heading\" data-id=\"c674772\" data-element_type=\"widget\" data-e-type=\"widget\" data-widget_type=\"heading.default\">\n\t\t\t\t<div class=\"elementor-widget-container\">\n\t\t\t\t\t<h1 class=\"elementor-heading-title elementor-size-default\">CONDITIONS GENERALES DE RESERVATION<\/h1>\t\t\t\t<\/div>\n\t\t\t\t<\/div>\n\t\t\t\t\t<\/div>\n\t\t\t\t<\/div>\n\t\t<div class=\"elementor-element elementor-element-1d6540b e-flex e-con-boxed e-con e-parent\" data-id=\"1d6540b\" data-element_type=\"container\" data-e-type=\"container\">\n\t\t\t\t\t<div class=\"e-con-inner\">\n\t\t\t\t<div class=\"elementor-element elementor-element-6a0d637 elementor-widget-divider--view-line elementor-widget elementor-widget-divider\" data-id=\"6a0d637\" data-element_type=\"widget\" data-e-type=\"widget\" data-widget_type=\"divider.default\">\n\t\t\t\t<div class=\"elementor-widget-container\">\n\t\t\t\t\t\t\t<div class=\"elementor-divider\">\n\t\t\t<span class=\"elementor-divider-separator\">\n\t\t\t\t\t\t<\/span>\n\t\t<\/div>\n\t\t\t\t\t\t<\/div>\n\t\t\t\t<\/div>\n\t\t\t\t\t<\/div>\n\t\t\t\t<\/div>\n\t\t<div class=\"elementor-element elementor-element-a89306f e-flex e-con-boxed e-con e-parent\" data-id=\"a89306f\" data-element_type=\"container\" data-e-type=\"container\">\n\t\t\t\t\t<div class=\"e-con-inner\">\n\t\t\t\t<div class=\"elementor-element elementor-element-b3dcd9c elementor-widget elementor-widget-image\" data-id=\"b3dcd9c\" data-element_type=\"widget\" data-e-type=\"widget\" data-widget_type=\"image.default\">\n\t\t\t\t<div class=\"elementor-widget-container\">\n\t\t\t\t\t\t\t\t\t\t\t\t\t\t\t<img fetchpriority=\"high\" decoding=\"async\" width=\"768\" height=\"390\" src=\"https:\/\/loca-prestigemontblanc.fr\/wp-content\/uploads\/2024\/04\/shaking-hands-handshake-hands-3091906-768x390.jpg\" class=\"attachment-medium_large size-medium_large wp-image-644\" alt=\"shaking hands, handshake, hands-3091906.jpg\" srcset=\"https:\/\/loca-prestigemontblanc.fr\/wp-content\/uploads\/2024\/04\/shaking-hands-handshake-hands-3091906-768x390.jpg 768w, https:\/\/loca-prestigemontblanc.fr\/wp-content\/uploads\/2024\/04\/shaking-hands-handshake-hands-3091906-300x152.jpg 300w, https:\/\/loca-prestigemontblanc.fr\/wp-content\/uploads\/2024\/04\/shaking-hands-handshake-hands-3091906-1024x520.jpg 1024w, https:\/\/loca-prestigemontblanc.fr\/wp-content\/uploads\/2024\/04\/shaking-hands-handshake-hands-3091906.jpg 1280w\" sizes=\"(max-width: 768px) 100vw, 768px\" \/>\t\t\t\t\t\t\t\t\t\t\t\t\t\t\t<\/div>\n\t\t\t\t<\/div>\n\t\t\t\t\t<\/div>\n\t\t\t\t<\/div>\n\t\t<div class=\"elementor-element elementor-element-1c65793 e-flex e-con-boxed e-con e-parent\" data-id=\"1c65793\" data-element_type=\"container\" data-e-type=\"container\">\n\t\t\t\t\t<div class=\"e-con-inner\">\n\t\t\t\t<div class=\"elementor-element elementor-element-52e9f08 elementor-widget elementor-widget-text-editor\" data-id=\"52e9f08\" data-element_type=\"widget\" data-e-type=\"widget\" data-widget_type=\"text-editor.default\">\n\t\t\t\t<div class=\"elementor-widget-container\">\n\t\t\t\t\t\t\t\t\t<h6><span style=\"text-decoration: underline;\"><strong>RESERVATION<\/strong><\/span><br \/><br \/>Une fois que vous avez valid\u00e9 aupr\u00e8s des Chalets Christiana le chalet de votre choix vous recevrez un contrat de location par mail \u00e0 renvoyer par courrier ou par fax avec un acompte de 30% du prix de la location.<br \/>Le solde du prix de la location est a r\u00e9gler 30 jours avant la date du d\u00e9but du s\u00e9jour.<br \/><br \/><span style=\"text-decoration: underline;\"><strong>CAUTION<\/strong><\/span><br \/><br \/>Une caution de 1 000 \u20ac pour le chalet le Go\u00fbter et 2 000 \u20ac pour le chalet la R\u00fbche sera demand\u00e9e en d\u00e9but de s\u00e9jour. Seront d\u00e9duits de cette caution tous bris ou d\u00e9t\u00e9riorations \u00e9ventuels ainsi que les frais de m\u00e9nage de 150 \u20ac pour le chalet le Go\u00fbter et 250 \u20ac pour le chalet la R\u00fbche si la location n\u2019a pas \u00e9t\u00e9 laiss\u00e9e dans un \u00e9tat correct. Dans le cas contraire, la caution sera rendue apr\u00e8s l\u2019\u00e9tat des lieux dans les 15 jours qui suivent le jour du d\u00e9part.<br \/><br \/><span style=\"text-decoration: underline;\"><strong>ANNULATION<\/strong><\/span><br \/><br \/>En cas d\u2019annulation \u00e0 plus de 30 jours, total ou partiel les 30% d\u2019acompte resteront acquis \u00e0 l\u2019h\u00e9bergeur.<br \/><br \/>En cas d\u2019annulation moins de 30 jours avant le d\u00e9but de la location le solde sera conserv\u00e9 sans aucun droit \u00e0 report de s\u00e9jour.<br \/><br \/>En cas d\u2019interruption de s\u00e9jour par le client, aucun remboursement ne sera proc\u00e9d\u00e9 par l\u2019h\u00e9bergeur, il se r\u00e9serve le droit de consid\u00e9rer qu\u2019un locataire ne donne pas suite \u00e0 sa r\u00e9servation s\u2019il n\u2019a pas occup\u00e9 les locaux lou\u00e9s 48 heures apr\u00e8s la date d\u2019arriv\u00e9e pr\u00e9vue ou s\u2019il n\u2019a pas inform\u00e9 l\u2019h\u00e9bergeur de son retard dans le m\u00eame d\u00e9lai ; en aucun cas son retard ne pourra \u00eatre d\u00e9duit du montant de la location. Tout d\u00e9part post\u00e9rieur \u00e0 l\u2019heure indiqu\u00e9e par l\u2019h\u00e9bergeur entra\u00eenera l\u2019exigibilit\u00e9 d\u2019une journ\u00e9e de location suppl\u00e9mentaire.<br \/><br \/><strong><span style=\"text-decoration: underline;\">OBLIGATIONS<\/span><\/strong><br \/><br \/>Le client se conformera, \u00e0 titre d\u2019occupant des lieux, aux conditions suivantes :<br \/><br \/>Les chalets sont non fumeur, il est pr\u00e9vu pour une capacit\u00e9 de 6 \u00e0 8 personnes pour le chalet La Ruche et 4 \u00e0 6 personnes pour le chalet Le Gouter. Le locataire ne pourra en aucun cas d\u00e9passer la capacit\u00e9 du logement sans avoir obtenu l\u2019autorisation pr\u00e9alable du propri\u00e9taire.<br \/>Les annimaux ne sont pas admis.<br \/><br \/><br \/><span style=\"text-decoration: underline;\"><strong>ASSURANCE<\/strong><\/span><br \/><br \/>Nous conseillons au locataire de contracter une assurance annulation aupr\u00e8s de son assureur.<br \/><br \/>Le locataire sera tenu de s\u2019assurer et justifier contre les dommages de toute nature susceptibles d\u2019engager sa responsabilit\u00e9 aupr\u00e8s d\u2019une compagnie d\u2019assurance.<br \/><br \/><strong><span style=\"text-decoration: underline;\">LITIGE<\/span><\/strong><br \/><br \/>Tout litige ou contestation seront du ressort du seul Tribunal de Bonneville.<\/h6>\t\t\t\t\t\t\t\t<\/div>\n\t\t\t\t<\/div>\n\t\t\t\t\t<\/div>\n\t\t\t\t<\/div>\n\t\t\t\t<\/div>\n\t\t","protected":false},"excerpt":{"rendered":"<p>CONDITIONS GENERALES DE RESERVATION RESERVATION Une fois que vous avez valid\u00e9 aupr\u00e8s des Chalets Christiana le chalet de votre choix [&hellip;]<\/p>\n","protected":false},"author":1,"featured_media":0,"parent":0,"menu_order":0,"comment_status":"closed","ping_status":"closed","template":"","meta":{"site-sidebar-layout":"no-sidebar","site-content-layout":"","ast-site-content-layout":"full-width-container","site-content-style":"default","site-sidebar-style":"default","ast-global-header-display":"","ast-banner-title-visibility":"","ast-main-header-display":"","ast-hfb-above-header-display":"","ast-hfb-below-header-display":"","ast-hfb-mobile-header-display":"","site-post-title":"disabled","ast-breadcrumbs-content":"","ast-featured-img":"disabled","footer-sml-layout":"","theme-transparent-header-meta":"","adv-header-id-meta":"","stick-header-meta":"","header-above-stick-meta":"","header-main-stick-meta":"","header-below-stick-meta":"","astra-migrate-meta-layouts":"default","ast-page-background-enabled":"default","ast-page-background-meta":{"desktop":{"background-color":"var(--ast-global-color-4)","background-image":"","background-repeat":"repeat","background-position":"center center","background-size":"auto","background-attachment":"scroll","background-type":"","background-media":"","overlay-type":"","overlay-color":"","overlay-opacity":"","overlay-gradient":""},"tablet":{"background-color":"","background-image":"","background-repeat":"repeat","background-position":"center center","background-size":"auto","background-attachment":"scroll","background-type":"","background-media":"","overlay-type":"","overlay-color":"","overlay-opacity":"","overlay-gradient":""},"mobile":{"background-color":"","background-image":"","background-repeat":"repeat","background-position":"center center","background-size":"auto","background-attachment":"scroll","background-type":"","background-media":"","overlay-type":"","overlay-color":"","overlay-opacity":"","overlay-gradient":""}},"ast-content-background-meta":{"desktop":{"background-color":"var(--ast-global-color-5)","background-image":"","background-repeat":"repeat","background-position":"center center","background-size":"auto","background-attachment":"scroll","background-type":"","background-media":"","overlay-type":"","overlay-color":"","overlay-opacity":"","overlay-gradient":""},"tablet":{"background-color":"var(--ast-global-color-5)","background-image":"","background-repeat":"repeat","background-position":"center center","background-size":"auto","background-attachment":"scroll","background-type":"","background-media":"","overlay-type":"","overlay-color":"","overlay-opacity":"","overlay-gradient":""},"mobile":{"background-color":"var(--ast-global-color-5)","background-image":"","background-repeat":"repeat","background-position":"center center","background-size":"auto","background-attachment":"scroll","background-type":"","background-media":"","overlay-type":"","overlay-color":"","overlay-opacity":"","overlay-gradient":""}},"footnotes":""},"class_list":["post-642","page","type-page","status-publish","hentry"],"_links":{"self":[{"href":"https:\/\/loca-prestigemontblanc.fr\/index.php?rest_route=\/wp\/v2\/pages\/642","targetHints":{"allow":["GET"]}}],"collection":[{"href":"https:\/\/loca-prestigemontblanc.fr\/index.php?rest_route=\/wp\/v2\/pages"}],"about":[{"href":"https:\/\/loca-prestigemontblanc.fr\/index.php?rest_route=\/wp\/v2\/types\/page"}],"author":[{"embeddable":true,"href":"https:\/\/loca-prestigemontblanc.fr\/index.php?rest_route=\/wp\/v2\/users\/1"}],"replies":[{"embeddable":true,"href":"https:\/\/loca-prestigemontblanc.fr\/index.php?rest_route=%2Fwp%2Fv2%2Fcomments&post=642"}],"version-history":[{"count":4,"href":"https:\/\/loca-prestigemontblanc.fr\/index.php?rest_route=\/wp\/v2\/pages\/642\/revisions"}],"predecessor-version":[{"id":647,"href":"https:\/\/loca-prestigemontblanc.fr\/index.php?rest_route=\/wp\/v2\/pages\/642\/revisions\/647"}],"wp:attachment":[{"href":"https:\/\/loca-prestigemontblanc.fr\/index.php?rest_route=%2Fwp%2Fv2%2Fmedia&parent=642"}],"curies":[{"name":"wp","href":"https:\/\/api.w.org\/{rel}","templated":true}]}}