{"id":585,"date":"2024-04-01T13:57:00","date_gmt":"2024-04-01T11:57:00","guid":{"rendered":"https:\/\/loca-prestigemontblanc.fr\/?page_id=585"},"modified":"2024-04-01T15:18:17","modified_gmt":"2024-04-01T13:18:17","slug":"villa-blanca","status":"publish","type":"page","link":"https:\/\/loca-prestigemontblanc.fr\/?page_id=585","title":{"rendered":"Villa Blanca"},"content":{"rendered":"\t\t<div data-elementor-type=\"wp-page\" data-elementor-id=\"585\" class=\"elementor elementor-585\">\n\t\t\t\t<div class=\"elementor-element elementor-element-d858a9c e-flex e-con-boxed e-con e-parent\" data-id=\"d858a9c\" data-element_type=\"container\" data-e-type=\"container\">\n\t\t\t\t\t<div class=\"e-con-inner\">\n\t\t\t\t<div class=\"elementor-element elementor-element-2be035f elementor-widget elementor-widget-spacer\" data-id=\"2be035f\" data-element_type=\"widget\" data-e-type=\"widget\" data-widget_type=\"spacer.default\">\n\t\t\t\t<div class=\"elementor-widget-container\">\n\t\t\t\t\t\t\t<div class=\"elementor-spacer\">\n\t\t\t<div class=\"elementor-spacer-inner\"><\/div>\n\t\t<\/div>\n\t\t\t\t\t\t<\/div>\n\t\t\t\t<\/div>\n\t\t\t\t\t<\/div>\n\t\t\t\t<\/div>\n\t\t<div class=\"elementor-element elementor-element-3cce4fe e-flex e-con-boxed e-con e-parent\" data-id=\"3cce4fe\" data-element_type=\"container\" data-e-type=\"container\">\n\t\t\t\t\t<div class=\"e-con-inner\">\n\t\t\t\t<div class=\"elementor-element elementor-element-42d39f4 elementor-widget-divider--view-line elementor-widget elementor-widget-divider\" data-id=\"42d39f4\" data-element_type=\"widget\" data-e-type=\"widget\" data-widget_type=\"divider.default\">\n\t\t\t\t<div class=\"elementor-widget-container\">\n\t\t\t\t\t\t\t<div class=\"elementor-divider\">\n\t\t\t<span class=\"elementor-divider-separator\">\n\t\t\t\t\t\t<\/span>\n\t\t<\/div>\n\t\t\t\t\t\t<\/div>\n\t\t\t\t<\/div>\n\t\t\t\t<div class=\"elementor-element elementor-element-3c2470c elementor-widget elementor-widget-heading\" data-id=\"3c2470c\" data-element_type=\"widget\" data-e-type=\"widget\" data-widget_type=\"heading.default\">\n\t\t\t\t<div class=\"elementor-widget-container\">\n\t\t\t\t\t<h1 class=\"elementor-heading-title elementor-size-default\">VILLA BLANCA<\/h1>\t\t\t\t<\/div>\n\t\t\t\t<\/div>\n\t\t\t\t<div class=\"elementor-element elementor-element-f633d5e elementor-widget-divider--view-line elementor-widget elementor-widget-divider\" data-id=\"f633d5e\" data-element_type=\"widget\" data-e-type=\"widget\" data-widget_type=\"divider.default\">\n\t\t\t\t<div class=\"elementor-widget-container\">\n\t\t\t\t\t\t\t<div class=\"elementor-divider\">\n\t\t\t<span class=\"elementor-divider-separator\">\n\t\t\t\t\t\t<\/span>\n\t\t<\/div>\n\t\t\t\t\t\t<\/div>\n\t\t\t\t<\/div>\n\t\t\t\t\t<\/div>\n\t\t\t\t<\/div>\n\t\t<div class=\"elementor-element elementor-element-0d8f625 e-flex e-con-boxed e-con e-parent\" data-id=\"0d8f625\" data-element_type=\"container\" data-e-type=\"container\">\n\t\t\t\t\t<div class=\"e-con-inner\">\n\t\t\t\t<div class=\"elementor-element elementor-element-2837a9f elementor-widget elementor-widget-image\" data-id=\"2837a9f\" data-element_type=\"widget\" data-e-type=\"widget\" data-widget_type=\"image.default\">\n\t\t\t\t<div class=\"elementor-widget-container\">\n\t\t\t\t\t\t\t\t\t\t\t\t\t\t\t<img fetchpriority=\"high\" decoding=\"async\" width=\"768\" height=\"576\" src=\"https:\/\/loca-prestigemontblanc.fr\/wp-content\/uploads\/2024\/04\/DSC00269-001-768x576.jpg\" class=\"elementor-animation-grow-rotate attachment-medium_large size-medium_large wp-image-587\" alt=\"\" srcset=\"https:\/\/loca-prestigemontblanc.fr\/wp-content\/uploads\/2024\/04\/DSC00269-001-768x576.jpg 768w, https:\/\/loca-prestigemontblanc.fr\/wp-content\/uploads\/2024\/04\/DSC00269-001-300x225.jpg 300w, https:\/\/loca-prestigemontblanc.fr\/wp-content\/uploads\/2024\/04\/DSC00269-001-1024x768.jpg 1024w, https:\/\/loca-prestigemontblanc.fr\/wp-content\/uploads\/2024\/04\/DSC00269-001-1536x1152.jpg 1536w, https:\/\/loca-prestigemontblanc.fr\/wp-content\/uploads\/2024\/04\/DSC00269-001-2048x1536.jpg 2048w\" sizes=\"(max-width: 768px) 100vw, 768px\" \/>\t\t\t\t\t\t\t\t\t\t\t\t\t\t\t<\/div>\n\t\t\t\t<\/div>\n\t\t\t\t\t<\/div>\n\t\t\t\t<\/div>\n\t\t<div class=\"elementor-element elementor-element-11f9e25 e-flex e-con-boxed e-con e-parent\" data-id=\"11f9e25\" data-element_type=\"container\" data-e-type=\"container\">\n\t\t\t\t\t<div class=\"e-con-inner\">\n\t\t\t\t<div class=\"elementor-element elementor-element-dd71404 elementor-widget elementor-widget-text-editor\" data-id=\"dd71404\" data-element_type=\"widget\" data-e-type=\"widget\" data-widget_type=\"text-editor.default\">\n\t\t\t\t<div class=\"elementor-widget-container\">\n\t\t\t\t\t\t\t\t\t<p>Luxe \u00e0 Villa Rosas, Piscine, Vue magique mer et montagne<br \/>La villa Blanca est situ\u00e9 dans un emplacement des plus enviables de Rosas, \u00e0 flanc de colline, \u00e0 Mas Fumats, sur la route de Cadaqu\u00e8s<\/p><p>La Villa est compos\u00e9e de 4 chambres climatis\u00e9es, 3 salles de bains, piscine priv\u00e9e, grand terrain, et un cabinet de toilettes pour invit\u00e9s.<\/p><p>Emplacement des plus enviables parmi les oliviers, sur les flancs des Pyr\u00e9n\u00e9es, au-dessus de la station baln\u00e9aire de Rosas.<\/p><p>Maison r\u00e9cemment et enti\u00e8rement r\u00e9nov\u00e9e haut de gamme. 4 chambres, 3 salles de bains, id\u00e9ale pour des grandes familles.<\/p><p>Ressourcez vous dans les environs paisibles et pr\u00e9lassez vous autour de la piscine priv\u00e9e en contemplant la mer.<\/p><p>Admirez les vues \u00e0 couper le souffle sur la mer M\u00e9diterran\u00e9e et les spectaculaires couchers de soleil au son des criquets.<\/p><p>Si vous arrivez \u00e0 sortir de la piscine et \u00e0 vous d\u00e9tacher de l&#8217;incroyable vue, vous verrez que la r\u00e9gion a beaucoup \u00e0 offrir.<\/p>\t\t\t\t\t\t\t\t<\/div>\n\t\t\t\t<\/div>\n\t\t\t\t\t<\/div>\n\t\t\t\t<\/div>\n\t\t<div class=\"elementor-element elementor-element-c07e977 e-flex e-con-boxed e-con e-parent\" data-id=\"c07e977\" data-element_type=\"container\" data-e-type=\"container\">\n\t\t\t\t\t<div class=\"e-con-inner\">\n\t\t\t\t<div class=\"elementor-element elementor-element-868de99 elementor-arrows-position-inside elementor-pagination-position-outside elementor-widget elementor-widget-image-carousel\" data-id=\"868de99\" data-element_type=\"widget\" data-e-type=\"widget\" data-settings=\"{&quot;slides_to_show&quot;:&quot;2&quot;,&quot;navigation&quot;:&quot;both&quot;,&quot;autoplay&quot;:&quot;yes&quot;,&quot;pause_on_hover&quot;:&quot;yes&quot;,&quot;pause_on_interaction&quot;:&quot;yes&quot;,&quot;autoplay_speed&quot;:5000,&quot;infinite&quot;:&quot;yes&quot;,&quot;speed&quot;:500}\" data-widget_type=\"image-carousel.default\">\n\t\t\t\t<div class=\"elementor-widget-container\">\n\t\t\t\t\t\t\t<div class=\"elementor-image-carousel-wrapper swiper\" role=\"region\" aria-roledescription=\"carousel\" aria-label=\"Image Carousel\" dir=\"ltr\">\n\t\t\t<div class=\"elementor-image-carousel swiper-wrapper\" aria-live=\"off\">\n\t\t\t\t\t\t\t\t<div class=\"swiper-slide\" role=\"group\" aria-roledescription=\"slide\" aria-label=\"1 of 39\"><figure class=\"swiper-slide-inner\"><img decoding=\"async\" class=\"swiper-slide-image\" src=\"https:\/\/loca-prestigemontblanc.fr\/wp-content\/uploads\/2024\/04\/DSC00269-001-1024x768.jpg\" alt=\"DSC00269-001\" \/><\/figure><\/div><div class=\"swiper-slide\" role=\"group\" aria-roledescription=\"slide\" aria-label=\"2 of 39\"><figure class=\"swiper-slide-inner\"><img decoding=\"async\" class=\"swiper-slide-image\" src=\"https:\/\/loca-prestigemontblanc.fr\/wp-content\/uploads\/2024\/04\/DSC01706-1024x768.jpg\" alt=\"DSC01706\" \/><\/figure><\/div><div class=\"swiper-slide\" role=\"group\" aria-roledescription=\"slide\" aria-label=\"3 of 39\"><figure class=\"swiper-slide-inner\"><img decoding=\"async\" class=\"swiper-slide-image\" src=\"https:\/\/loca-prestigemontblanc.fr\/wp-content\/uploads\/2024\/04\/DSC03044-1024x768.jpg\" alt=\"DSC03044\" \/><\/figure><\/div><div class=\"swiper-slide\" role=\"group\" aria-roledescription=\"slide\" aria-label=\"4 of 39\"><figure class=\"swiper-slide-inner\"><img decoding=\"async\" class=\"swiper-slide-image\" src=\"https:\/\/loca-prestigemontblanc.fr\/wp-content\/uploads\/2024\/04\/DSC03339-1024x768.jpg\" alt=\"DSC03339\" \/><\/figure><\/div><div class=\"swiper-slide\" role=\"group\" aria-roledescription=\"slide\" aria-label=\"5 of 39\"><figure class=\"swiper-slide-inner\"><img decoding=\"async\" class=\"swiper-slide-image\" src=\"https:\/\/loca-prestigemontblanc.fr\/wp-content\/uploads\/2024\/04\/DSC04294-1024x768.jpg\" alt=\"DSC04294\" \/><\/figure><\/div><div class=\"swiper-slide\" role=\"group\" aria-roledescription=\"slide\" aria-label=\"6 of 39\"><figure class=\"swiper-slide-inner\"><img decoding=\"async\" class=\"swiper-slide-image\" src=\"https:\/\/loca-prestigemontblanc.fr\/wp-content\/uploads\/2024\/04\/DSC04562-1024x768.jpg\" alt=\"DSC04562\" \/><\/figure><\/div><div class=\"swiper-slide\" role=\"group\" aria-roledescription=\"slide\" aria-label=\"7 of 39\"><figure class=\"swiper-slide-inner\"><img decoding=\"async\" class=\"swiper-slide-image\" src=\"https:\/\/loca-prestigemontblanc.fr\/wp-content\/uploads\/2024\/04\/DSC04630-1024x768.jpg\" alt=\"DSC04630\" \/><\/figure><\/div><div class=\"swiper-slide\" role=\"group\" aria-roledescription=\"slide\" aria-label=\"8 of 39\"><figure class=\"swiper-slide-inner\"><img decoding=\"async\" class=\"swiper-slide-image\" src=\"https:\/\/loca-prestigemontblanc.fr\/wp-content\/uploads\/2024\/04\/IMG_0027-1024x683.jpg\" alt=\"IMG_0027\" \/><\/figure><\/div><div class=\"swiper-slide\" role=\"group\" aria-roledescription=\"slide\" aria-label=\"9 of 39\"><figure class=\"swiper-slide-inner\"><img decoding=\"async\" class=\"swiper-slide-image\" src=\"https:\/\/loca-prestigemontblanc.fr\/wp-content\/uploads\/2024\/04\/IMG_0037-1024x683.jpg\" alt=\"IMG_0037\" \/><\/figure><\/div><div class=\"swiper-slide\" role=\"group\" aria-roledescription=\"slide\" aria-label=\"10 of 39\"><figure class=\"swiper-slide-inner\"><img decoding=\"async\" class=\"swiper-slide-image\" src=\"https:\/\/loca-prestigemontblanc.fr\/wp-content\/uploads\/2024\/04\/IMG_0040-1024x683.jpg\" alt=\"IMG_0040\" \/><\/figure><\/div><div class=\"swiper-slide\" role=\"group\" aria-roledescription=\"slide\" aria-label=\"11 of 39\"><figure class=\"swiper-slide-inner\"><img decoding=\"async\" class=\"swiper-slide-image\" src=\"https:\/\/loca-prestigemontblanc.fr\/wp-content\/uploads\/2024\/04\/IMG_0043-1024x683.jpg\" alt=\"IMG_0043\" \/><\/figure><\/div><div class=\"swiper-slide\" role=\"group\" aria-roledescription=\"slide\" aria-label=\"12 of 39\"><figure class=\"swiper-slide-inner\"><img decoding=\"async\" class=\"swiper-slide-image\" src=\"https:\/\/loca-prestigemontblanc.fr\/wp-content\/uploads\/2024\/04\/IMG_2554-1024x683.jpg\" alt=\"IMG_2554\" \/><\/figure><\/div><div class=\"swiper-slide\" role=\"group\" aria-roledescription=\"slide\" aria-label=\"13 of 39\"><figure class=\"swiper-slide-inner\"><img decoding=\"async\" class=\"swiper-slide-image\" src=\"https:\/\/loca-prestigemontblanc.fr\/wp-content\/uploads\/2024\/04\/IMG_2555-1024x683.jpg\" alt=\"IMG_2555\" \/><\/figure><\/div><div class=\"swiper-slide\" role=\"group\" aria-roledescription=\"slide\" aria-label=\"14 of 39\"><figure class=\"swiper-slide-inner\"><img decoding=\"async\" class=\"swiper-slide-image\" src=\"https:\/\/loca-prestigemontblanc.fr\/wp-content\/uploads\/2024\/04\/IMG_3174-1024x684.jpg\" alt=\"IMG_3174\" \/><\/figure><\/div><div class=\"swiper-slide\" role=\"group\" aria-roledescription=\"slide\" aria-label=\"15 of 39\"><figure class=\"swiper-slide-inner\"><img decoding=\"async\" class=\"swiper-slide-image\" src=\"https:\/\/loca-prestigemontblanc.fr\/wp-content\/uploads\/2024\/04\/IMG_3496-1024x684.jpg\" alt=\"IMG_3496\" \/><\/figure><\/div><div class=\"swiper-slide\" role=\"group\" aria-roledescription=\"slide\" aria-label=\"16 of 39\"><figure class=\"swiper-slide-inner\"><img decoding=\"async\" class=\"swiper-slide-image\" src=\"https:\/\/loca-prestigemontblanc.fr\/wp-content\/uploads\/2024\/04\/IMG_3499-1024x684.jpg\" alt=\"IMG_3499\" \/><\/figure><\/div><div class=\"swiper-slide\" role=\"group\" aria-roledescription=\"slide\" aria-label=\"17 of 39\"><figure class=\"swiper-slide-inner\"><img decoding=\"async\" class=\"swiper-slide-image\" src=\"https:\/\/loca-prestigemontblanc.fr\/wp-content\/uploads\/2024\/04\/IMG_3552-1024x684.jpg\" alt=\"IMG_3552\" \/><\/figure><\/div><div class=\"swiper-slide\" role=\"group\" aria-roledescription=\"slide\" aria-label=\"18 of 39\"><figure class=\"swiper-slide-inner\"><img decoding=\"async\" class=\"swiper-slide-image\" src=\"https:\/\/loca-prestigemontblanc.fr\/wp-content\/uploads\/2024\/04\/IMG_3590-1024x683.jpg\" alt=\"IMG_3590\" \/><\/figure><\/div><div class=\"swiper-slide\" role=\"group\" aria-roledescription=\"slide\" aria-label=\"19 of 39\"><figure class=\"swiper-slide-inner\"><img decoding=\"async\" class=\"swiper-slide-image\" src=\"https:\/\/loca-prestigemontblanc.fr\/wp-content\/uploads\/2024\/04\/IMG_3611-1024x683.jpg\" alt=\"IMG_3611\" \/><\/figure><\/div><div class=\"swiper-slide\" role=\"group\" aria-roledescription=\"slide\" aria-label=\"20 of 39\"><figure class=\"swiper-slide-inner\"><img decoding=\"async\" class=\"swiper-slide-image\" src=\"https:\/\/loca-prestigemontblanc.fr\/wp-content\/uploads\/2024\/04\/IMG_3696-1024x684.jpg\" alt=\"IMG_3696\" \/><\/figure><\/div><div class=\"swiper-slide\" role=\"group\" aria-roledescription=\"slide\" aria-label=\"21 of 39\"><figure class=\"swiper-slide-inner\"><img decoding=\"async\" class=\"swiper-slide-image\" src=\"https:\/\/loca-prestigemontblanc.fr\/wp-content\/uploads\/2024\/04\/IMG_3726-1024x683.jpg\" alt=\"IMG_3726\" \/><\/figure><\/div><div class=\"swiper-slide\" role=\"group\" aria-roledescription=\"slide\" aria-label=\"22 of 39\"><figure class=\"swiper-slide-inner\"><img decoding=\"async\" class=\"swiper-slide-image\" src=\"https:\/\/loca-prestigemontblanc.fr\/wp-content\/uploads\/2024\/04\/IMG_3738-1024x683.jpg\" alt=\"IMG_3738\" \/><\/figure><\/div><div class=\"swiper-slide\" role=\"group\" aria-roledescription=\"slide\" aria-label=\"23 of 39\"><figure class=\"swiper-slide-inner\"><img decoding=\"async\" class=\"swiper-slide-image\" src=\"https:\/\/loca-prestigemontblanc.fr\/wp-content\/uploads\/2024\/04\/IMG_3744-1024x683.jpg\" alt=\"IMG_3744\" \/><\/figure><\/div><div class=\"swiper-slide\" role=\"group\" aria-roledescription=\"slide\" aria-label=\"24 of 39\"><figure class=\"swiper-slide-inner\"><img decoding=\"async\" class=\"swiper-slide-image\" src=\"https:\/\/loca-prestigemontblanc.fr\/wp-content\/uploads\/2024\/04\/IMG_3747-1024x683.jpg\" alt=\"IMG_3747\" \/><\/figure><\/div><div class=\"swiper-slide\" role=\"group\" aria-roledescription=\"slide\" aria-label=\"25 of 39\"><figure class=\"swiper-slide-inner\"><img decoding=\"async\" class=\"swiper-slide-image\" src=\"https:\/\/loca-prestigemontblanc.fr\/wp-content\/uploads\/2024\/04\/IMG_3913-1024x684.jpg\" alt=\"IMG_3913\" \/><\/figure><\/div><div class=\"swiper-slide\" role=\"group\" aria-roledescription=\"slide\" aria-label=\"26 of 39\"><figure class=\"swiper-slide-inner\"><img decoding=\"async\" class=\"swiper-slide-image\" src=\"https:\/\/loca-prestigemontblanc.fr\/wp-content\/uploads\/2024\/04\/IMG_3918-1024x684.jpg\" alt=\"IMG_3918\" \/><\/figure><\/div><div class=\"swiper-slide\" role=\"group\" aria-roledescription=\"slide\" aria-label=\"27 of 39\"><figure class=\"swiper-slide-inner\"><img decoding=\"async\" class=\"swiper-slide-image\" src=\"https:\/\/loca-prestigemontblanc.fr\/wp-content\/uploads\/2024\/04\/IMG_3935-1024x684.jpg\" alt=\"IMG_3935\" \/><\/figure><\/div><div class=\"swiper-slide\" role=\"group\" aria-roledescription=\"slide\" aria-label=\"28 of 39\"><figure class=\"swiper-slide-inner\"><img decoding=\"async\" class=\"swiper-slide-image\" src=\"https:\/\/loca-prestigemontblanc.fr\/wp-content\/uploads\/2024\/04\/IMG_3950-1024x683.jpg\" alt=\"IMG_3950\" \/><\/figure><\/div><div class=\"swiper-slide\" role=\"group\" aria-roledescription=\"slide\" aria-label=\"29 of 39\"><figure class=\"swiper-slide-inner\"><img decoding=\"async\" class=\"swiper-slide-image\" src=\"https:\/\/loca-prestigemontblanc.fr\/wp-content\/uploads\/2024\/04\/IMG_3956-1024x683.jpg\" alt=\"IMG_3956\" \/><\/figure><\/div><div class=\"swiper-slide\" role=\"group\" aria-roledescription=\"slide\" aria-label=\"30 of 39\"><figure class=\"swiper-slide-inner\"><img decoding=\"async\" class=\"swiper-slide-image\" src=\"https:\/\/loca-prestigemontblanc.fr\/wp-content\/uploads\/2024\/04\/IMG_3965-1024x683.jpg\" alt=\"IMG_3965\" \/><\/figure><\/div><div class=\"swiper-slide\" role=\"group\" aria-roledescription=\"slide\" aria-label=\"31 of 39\"><figure class=\"swiper-slide-inner\"><img decoding=\"async\" class=\"swiper-slide-image\" src=\"https:\/\/loca-prestigemontblanc.fr\/wp-content\/uploads\/2024\/04\/IMG_3966-1024x683.jpg\" alt=\"IMG_3966\" \/><\/figure><\/div><div class=\"swiper-slide\" role=\"group\" aria-roledescription=\"slide\" aria-label=\"32 of 39\"><figure class=\"swiper-slide-inner\"><img decoding=\"async\" class=\"swiper-slide-image\" src=\"https:\/\/loca-prestigemontblanc.fr\/wp-content\/uploads\/2024\/04\/IMG_3967-1024x683.jpg\" alt=\"IMG_3967\" \/><\/figure><\/div><div class=\"swiper-slide\" role=\"group\" aria-roledescription=\"slide\" aria-label=\"33 of 39\"><figure class=\"swiper-slide-inner\"><img decoding=\"async\" class=\"swiper-slide-image\" src=\"https:\/\/loca-prestigemontblanc.fr\/wp-content\/uploads\/2024\/04\/IMG_4086-1024x684.jpg\" alt=\"IMG_4086\" \/><\/figure><\/div><div class=\"swiper-slide\" role=\"group\" aria-roledescription=\"slide\" aria-label=\"34 of 39\"><figure class=\"swiper-slide-inner\"><img decoding=\"async\" class=\"swiper-slide-image\" src=\"https:\/\/loca-prestigemontblanc.fr\/wp-content\/uploads\/2024\/04\/IMG_4088-1024x684.jpg\" alt=\"IMG_4088\" \/><\/figure><\/div><div class=\"swiper-slide\" role=\"group\" aria-roledescription=\"slide\" aria-label=\"35 of 39\"><figure class=\"swiper-slide-inner\"><img decoding=\"async\" class=\"swiper-slide-image\" src=\"https:\/\/loca-prestigemontblanc.fr\/wp-content\/uploads\/2024\/04\/IMG_4096-1024x684.jpg\" alt=\"IMG_4096\" \/><\/figure><\/div><div class=\"swiper-slide\" role=\"group\" aria-roledescription=\"slide\" aria-label=\"36 of 39\"><figure class=\"swiper-slide-inner\"><img decoding=\"async\" class=\"swiper-slide-image\" src=\"https:\/\/loca-prestigemontblanc.fr\/wp-content\/uploads\/2024\/04\/IMG_4124-1024x684.jpg\" alt=\"IMG_4124\" \/><\/figure><\/div><div class=\"swiper-slide\" role=\"group\" aria-roledescription=\"slide\" aria-label=\"37 of 39\"><figure class=\"swiper-slide-inner\"><img decoding=\"async\" class=\"swiper-slide-image\" src=\"https:\/\/loca-prestigemontblanc.fr\/wp-content\/uploads\/2024\/04\/IMG_4135-1024x684.jpg\" alt=\"IMG_4135\" \/><\/figure><\/div><div class=\"swiper-slide\" role=\"group\" aria-roledescription=\"slide\" aria-label=\"38 of 39\"><figure class=\"swiper-slide-inner\"><img decoding=\"async\" class=\"swiper-slide-image\" src=\"https:\/\/loca-prestigemontblanc.fr\/wp-content\/uploads\/2024\/04\/IMG_4136-1024x684.jpg\" alt=\"IMG_4136\" \/><\/figure><\/div><div class=\"swiper-slide\" role=\"group\" aria-roledescription=\"slide\" aria-label=\"39 of 39\"><figure class=\"swiper-slide-inner\"><img decoding=\"async\" class=\"swiper-slide-image\" src=\"https:\/\/loca-prestigemontblanc.fr\/wp-content\/uploads\/2024\/04\/IMG_4138-1024x684.jpg\" alt=\"IMG_4138\" \/><\/figure><\/div>\t\t\t<\/div>\n\t\t\t\t\t\t\t\t\t\t\t\t<div class=\"elementor-swiper-button elementor-swiper-button-prev\" role=\"button\" tabindex=\"0\">\n\t\t\t\t\t\t<svg aria-hidden=\"true\" class=\"e-font-icon-svg e-fas-arrow-alt-circle-left\" viewBox=\"0 0 512 512\" xmlns=\"http:\/\/www.w3.org\/2000\/svg\"><path d=\"M256 504C119 504 8 393 8 256S119 8 256 8s248 111 248 248-111 248-248 248zm116-292H256v-70.9c0-10.7-13-16.1-20.5-8.5L121.2 247.5c-4.7 4.7-4.7 12.2 0 16.9l114.3 114.9c7.6 7.6 20.5 2.2 20.5-8.5V300h116c6.6 0 12-5.4 12-12v-64c0-6.6-5.4-12-12-12z\"><\/path><\/svg>\t\t\t\t\t<\/div>\n\t\t\t\t\t<div class=\"elementor-swiper-button elementor-swiper-button-next\" role=\"button\" tabindex=\"0\">\n\t\t\t\t\t\t<svg aria-hidden=\"true\" class=\"e-font-icon-svg e-fas-arrow-alt-circle-right\" viewBox=\"0 0 512 512\" xmlns=\"http:\/\/www.w3.org\/2000\/svg\"><path d=\"M256 8c137 0 248 111 248 248S393 504 256 504 8 393 8 256 119 8 256 8zM140 300h116v70.9c0 10.7 13 16.1 20.5 8.5l114.3-114.9c4.7-4.7 4.7-12.2 0-16.9l-114.3-115c-7.6-7.6-20.5-2.2-20.5 8.5V212H140c-6.6 0-12 5.4-12 12v64c0 6.6 5.4 12 12 12z\"><\/path><\/svg>\t\t\t\t\t<\/div>\n\t\t\t\t\n\t\t\t\t\t\t\t\t\t<div class=\"swiper-pagination\"><\/div>\n\t\t\t\t\t\t\t\t\t<\/div>\n\t\t\t\t\t\t<\/div>\n\t\t\t\t<\/div>\n\t\t\t\t\t<\/div>\n\t\t\t\t<\/div>\n\t\t<div class=\"elementor-element elementor-element-d892e5f e-flex e-con-boxed e-con e-parent\" data-id=\"d892e5f\" data-element_type=\"container\" data-e-type=\"container\">\n\t\t\t\t\t<div class=\"e-con-inner\">\n\t\t\t\t<div class=\"elementor-element elementor-element-2af4822 elementor-widget elementor-widget-text-editor\" data-id=\"2af4822\" data-element_type=\"widget\" data-e-type=\"widget\" data-widget_type=\"text-editor.default\">\n\t\t\t\t<div class=\"elementor-widget-container\">\n\t\t\t\t\t\t\t\t\t<p>La villa est \u00e9quip\u00e9e pour 8 personnes confortablement.<\/p><p>Un garage et 3 places de parking sont a votre disposition.<\/p><p>La terrasse avec vue sur 360\u00b0, comporte la piscine, une table pour 8 personnes avec 8 fauteuils, une plancha\/gaz, 6 transats et la piscine.<\/p><p>La barri\u00e8re tout le tour de la terrasse est vitr\u00e9e, permettant de regarder la mer en nageant.<\/p><p>La location se fait du dimanche au dimanche, afin d&#8217;\u00e9viter les bouchons sur les routes, et de laisser plus de marges aux \u00e9quipes de pr\u00e9parations des locations.<\/p>\t\t\t\t\t\t\t\t<\/div>\n\t\t\t\t<\/div>\n\t\t\t\t\t<\/div>\n\t\t\t\t<\/div>\n\t\t<div class=\"elementor-element elementor-element-bbeb598 e-flex e-con-boxed e-con e-parent\" data-id=\"bbeb598\" data-element_type=\"container\" data-e-type=\"container\">\n\t\t\t\t\t<div class=\"e-con-inner\">\n\t\t\t\t<div class=\"elementor-element elementor-element-358e265 elementor-widget elementor-widget-google_maps\" data-id=\"358e265\" data-element_type=\"widget\" data-e-type=\"widget\" data-widget_type=\"google_maps.default\">\n\t\t\t\t<div class=\"elementor-widget-container\">\n\t\t\t\t\t\t\t<div class=\"elementor-custom-embed\">\n\t\t\t<iframe loading=\"lazy\"\n\t\t\t\t\tsrc=\"https:\/\/maps.google.com\/maps?q=34%20carrer%20bilbabo%2C%20el%20Mas%20Fumats%2C%20%20espagne&#038;t=m&#038;z=14&#038;output=embed&#038;iwloc=near\"\n\t\t\t\t\ttitle=\"34 carrer bilbabo, el Mas Fumats,  espagne\"\n\t\t\t\t\taria-label=\"34 carrer bilbabo, el Mas Fumats,  espagne\"\n\t\t\t><\/iframe>\n\t\t<\/div>\n\t\t\t\t\t\t<\/div>\n\t\t\t\t<\/div>\n\t\t\t\t\t<\/div>\n\t\t\t\t<\/div>\n\t\t\t\t<\/div>\n\t\t","protected":false},"excerpt":{"rendered":"<p>VILLA BLANCA Luxe \u00e0 Villa Rosas, Piscine, Vue magique mer et montagneLa villa Blanca est situ\u00e9 dans un emplacement des [&hellip;]<\/p>\n","protected":false},"author":1,"featured_media":0,"parent":0,"menu_order":0,"comment_status":"closed","ping_status":"closed","template":"","meta":{"site-sidebar-layout":"no-sidebar","site-content-layout":"","ast-site-content-layout":"full-width-container","site-content-style":"default","site-sidebar-style":"default","ast-global-header-display":"","ast-banner-title-visibility":"","ast-main-header-display":"","ast-hfb-above-header-display":"","ast-hfb-below-header-display":"","ast-hfb-mobile-header-display":"","site-post-title":"disabled","ast-breadcrumbs-content":"","ast-featured-img":"disabled","footer-sml-layout":"","theme-transparent-header-meta":"","adv-header-id-meta":"","stick-header-meta":"","header-above-stick-meta":"","header-main-stick-meta":"","header-below-stick-meta":"","astra-migrate-meta-layouts":"default","ast-page-background-enabled":"default","ast-page-background-meta":{"desktop":{"background-color":"var(--ast-global-color-4)","background-image":"","background-repeat":"repeat","background-position":"center center","background-size":"auto","background-attachment":"scroll","background-type":"","background-media":"","overlay-type":"","overlay-color":"","overlay-opacity":"","overlay-gradient":""},"tablet":{"background-color":"","background-image":"","background-repeat":"repeat","background-position":"center center","background-size":"auto","background-attachment":"scroll","background-type":"","background-media":"","overlay-type":"","overlay-color":"","overlay-opacity":"","overlay-gradient":""},"mobile":{"background-color":"","background-image":"","background-repeat":"repeat","background-position":"center center","background-size":"auto","background-attachment":"scroll","background-type":"","background-media":"","overlay-type":"","overlay-color":"","overlay-opacity":"","overlay-gradient":""}},"ast-content-background-meta":{"desktop":{"background-color":"var(--ast-global-color-5)","background-image":"","background-repeat":"repeat","background-position":"center center","background-size":"auto","background-attachment":"scroll","background-type":"","background-media":"","overlay-type":"","overlay-color":"","overlay-opacity":"","overlay-gradient":""},"tablet":{"background-color":"var(--ast-global-color-5)","background-image":"","background-repeat":"repeat","background-position":"center center","background-size":"auto","background-attachment":"scroll","background-type":"","background-media":"","overlay-type":"","overlay-color":"","overlay-opacity":"","overlay-gradient":""},"mobile":{"background-color":"var(--ast-global-color-5)","background-image":"","background-repeat":"repeat","background-position":"center center","background-size":"auto","background-attachment":"scroll","background-type":"","background-media":"","overlay-type":"","overlay-color":"","overlay-opacity":"","overlay-gradient":""}},"footnotes":""},"class_list":["post-585","page","type-page","status-publish","hentry"],"_links":{"self":[{"href":"https:\/\/loca-prestigemontblanc.fr\/index.php?rest_route=\/wp\/v2\/pages\/585","targetHints":{"allow":["GET"]}}],"collection":[{"href":"https:\/\/loca-prestigemontblanc.fr\/index.php?rest_route=\/wp\/v2\/pages"}],"about":[{"href":"https:\/\/loca-prestigemontblanc.fr\/index.php?rest_route=\/wp\/v2\/types\/page"}],"author":[{"embeddable":true,"href":"https:\/\/loca-prestigemontblanc.fr\/index.php?rest_route=\/wp\/v2\/users\/1"}],"replies":[{"embeddable":true,"href":"https:\/\/loca-prestigemontblanc.fr\/index.php?rest_route=%2Fwp%2Fv2%2Fcomments&post=585"}],"version-history":[{"count":13,"href":"https:\/\/loca-prestigemontblanc.fr\/index.php?rest_route=\/wp\/v2\/pages\/585\/revisions"}],"predecessor-version":[{"id":641,"href":"https:\/\/loca-prestigemontblanc.fr\/index.php?rest_route=\/wp\/v2\/pages\/585\/revisions\/641"}],"wp:attachment":[{"href":"https:\/\/loca-prestigemontblanc.fr\/index.php?rest_route=%2Fwp%2Fv2%2Fmedia&parent=585"}],"curies":[{"name":"wp","href":"https:\/\/api.w.org\/{rel}","templated":true}]}}