{"id":458,"date":"2024-03-31T19:00:16","date_gmt":"2024-03-31T17:00:16","guid":{"rendered":"https:\/\/loca-prestigemontblanc.fr\/?page_id=458"},"modified":"2024-03-31T19:06:19","modified_gmt":"2024-03-31T17:06:19","slug":"contact","status":"publish","type":"page","link":"https:\/\/loca-prestigemontblanc.fr\/?page_id=458","title":{"rendered":"Contact"},"content":{"rendered":"\t\t<div data-elementor-type=\"wp-page\" data-elementor-id=\"458\" class=\"elementor elementor-458\">\n\t\t\t\t<div class=\"elementor-element elementor-element-d54a6e1 e-flex e-con-boxed e-con e-parent\" data-id=\"d54a6e1\" data-element_type=\"container\" data-e-type=\"container\">\n\t\t\t\t\t<div class=\"e-con-inner\">\n\t\t\t\t<div class=\"elementor-element elementor-element-0e878ba elementor-widget-divider--view-line elementor-widget elementor-widget-divider\" data-id=\"0e878ba\" data-element_type=\"widget\" data-e-type=\"widget\" data-widget_type=\"divider.default\">\n\t\t\t\t<div class=\"elementor-widget-container\">\n\t\t\t\t\t\t\t<div class=\"elementor-divider\">\n\t\t\t<span class=\"elementor-divider-separator\">\n\t\t\t\t\t\t<\/span>\n\t\t<\/div>\n\t\t\t\t\t\t<\/div>\n\t\t\t\t<\/div>\n\t\t\t\t\t<\/div>\n\t\t\t\t<\/div>\n\t\t<div class=\"elementor-element elementor-element-c50d477 e-flex e-con-boxed e-con e-parent\" data-id=\"c50d477\" data-element_type=\"container\" data-e-type=\"container\">\n\t\t\t\t\t<div class=\"e-con-inner\">\n\t\t\t\t<div class=\"elementor-element elementor-element-47faeed elementor-widget elementor-widget-heading\" data-id=\"47faeed\" data-element_type=\"widget\" data-e-type=\"widget\" data-widget_type=\"heading.default\">\n\t\t\t\t<div class=\"elementor-widget-container\">\n\t\t\t\t\t<h2 class=\"elementor-heading-title elementor-size-default\">Contactez-nous<\/h2>\t\t\t\t<\/div>\n\t\t\t\t<\/div>\n\t\t\t\t\t<\/div>\n\t\t\t\t<\/div>\n\t\t<div class=\"elementor-element elementor-element-7f19620 e-flex e-con-boxed e-con e-parent\" data-id=\"7f19620\" data-element_type=\"container\" data-e-type=\"container\">\n\t\t\t\t\t<div class=\"e-con-inner\">\n\t\t\t\t<div class=\"elementor-element elementor-element-b8eda03 elementor-widget elementor-widget-text-editor\" data-id=\"b8eda03\" data-element_type=\"widget\" data-e-type=\"widget\" data-widget_type=\"text-editor.default\">\n\t\t\t\t<div class=\"elementor-widget-container\">\n\t\t\t\t\t\t\t\t\t<p>adresse mail: <a href=\"mailto:contact@loca-prestigemontblanc.fr\">contact@loca-prestigemontblanc.fr<\/a><\/p><ul class=\"uitk-typelist uitk-typelist-orientation-stacked uitk-typelist-size-2 uitk-typelist-spacing\" role=\"list\"><li class=\"uitk-layout-flex uitk-layout-flex-gap-two uitk-layout-flex-flex-wrap-nowrap\"><span class=\"uitk-layout-flex-item uitk-layout-flex-item-flex-grow-1\">Remont\u00e9e m\u00e9canique des Chavants<\/span><span class=\"uitk-layout-flex-item uitk-layout-flex-item-flex-shrink-0\">5\u00a0min \u00e0 pied<\/span><\/li><li class=\"uitk-layout-flex uitk-layout-flex-gap-two uitk-layout-flex-flex-wrap-nowrap\"><span class=\"uitk-layout-flex-item uitk-layout-flex-item-flex-grow-1\">T\u00e9l\u00e9ph\u00e9rique de Bellevue\u00a0<\/span><span class=\"uitk-layout-flex-item uitk-layout-flex-item-flex-shrink-0\">16\u00a0min \u00e0 pied<\/span><\/li><li class=\"uitk-layout-flex uitk-layout-flex-gap-two uitk-layout-flex-flex-wrap-nowrap\"><span class=\"uitk-layout-flex-item uitk-layout-flex-item-flex-grow-1\">Station de ski des Houches\u00a0<\/span><span class=\"uitk-layout-flex-item uitk-layout-flex-item-flex-shrink-0\">4\u00a0min en voiture<\/span><\/li><\/ul>\t\t\t\t\t\t\t\t<\/div>\n\t\t\t\t<\/div>\n\t\t\t\t\t<\/div>\n\t\t\t\t<\/div>\n\t\t<div class=\"elementor-element elementor-element-afd24fc e-flex e-con-boxed e-con e-parent\" data-id=\"afd24fc\" data-element_type=\"container\" data-e-type=\"container\">\n\t\t\t\t\t<div class=\"e-con-inner\">\n\t\t\t\t<div class=\"elementor-element elementor-element-bba934e elementor-widget-divider--view-line elementor-widget elementor-widget-divider\" data-id=\"bba934e\" data-element_type=\"widget\" data-e-type=\"widget\" data-widget_type=\"divider.default\">\n\t\t\t\t<div class=\"elementor-widget-container\">\n\t\t\t\t\t\t\t<div class=\"elementor-divider\">\n\t\t\t<span class=\"elementor-divider-separator\">\n\t\t\t\t\t\t<\/span>\n\t\t<\/div>\n\t\t\t\t\t\t<\/div>\n\t\t\t\t<\/div>\n\t\t\t\t\t<\/div>\n\t\t\t\t<\/div>\n\t\t<div class=\"elementor-element elementor-element-10ba072 e-flex e-con-boxed e-con e-parent\" data-id=\"10ba072\" data-element_type=\"container\" data-e-type=\"container\">\n\t\t\t\t\t<div class=\"e-con-inner\">\n\t\t\t\t<div class=\"elementor-element elementor-element-8003f15 elementor-widget elementor-widget-google_maps\" data-id=\"8003f15\" data-element_type=\"widget\" data-e-type=\"widget\" data-widget_type=\"google_maps.default\">\n\t\t\t\t<div class=\"elementor-widget-container\">\n\t\t\t\t\t\t\t<div class=\"elementor-custom-embed\">\n\t\t\t<iframe loading=\"lazy\"\n\t\t\t\t\tsrc=\"https:\/\/maps.google.com\/maps?q=526%20route%20de%20chavants%2C%2074310%20Les%20Houches&#038;t=m&#038;z=17&#038;output=embed&#038;iwloc=near\"\n\t\t\t\t\ttitle=\"526 route de chavants, 74310 Les Houches\"\n\t\t\t\t\taria-label=\"526 route de chavants, 74310 Les Houches\"\n\t\t\t><\/iframe>\n\t\t<\/div>\n\t\t\t\t\t\t<\/div>\n\t\t\t\t<\/div>\n\t\t\t\t\t<\/div>\n\t\t\t\t<\/div>\n\t\t<div class=\"elementor-element elementor-element-7e042d7 e-flex e-con-boxed e-con e-parent\" data-id=\"7e042d7\" data-element_type=\"container\" data-e-type=\"container\">\n\t\t\t\t\t<div class=\"e-con-inner\">\n\t\t\t\t\t<\/div>\n\t\t\t\t<\/div>\n\t\t<div class=\"elementor-element elementor-element-d0c3da6 e-flex e-con-boxed e-con e-parent\" data-id=\"d0c3da6\" data-element_type=\"container\" data-e-type=\"container\">\n\t\t\t\t\t<div class=\"e-con-inner\">\n\t\t\t\t\t<\/div>\n\t\t\t\t<\/div>\n\t\t\t\t<\/div>\n\t\t","protected":false},"excerpt":{"rendered":"<p>Contactez-nous adresse mail: contact@loca-prestigemontblanc.fr Remont\u00e9e m\u00e9canique des Chavants5\u00a0min \u00e0 pied T\u00e9l\u00e9ph\u00e9rique de Bellevue\u00a016\u00a0min \u00e0 pied Station de ski des Houches\u00a04\u00a0min [&hellip;]<\/p>\n","protected":false},"author":1,"featured_media":0,"parent":0,"menu_order":0,"comment_status":"closed","ping_status":"closed","template":"","meta":{"site-sidebar-layout":"no-sidebar","site-content-layout":"","ast-site-content-layout":"full-width-container","site-content-style":"default","site-sidebar-style":"default","ast-global-header-display":"","ast-banner-title-visibility":"","ast-main-header-display":"","ast-hfb-above-header-display":"","ast-hfb-below-header-display":"","ast-hfb-mobile-header-display":"","site-post-title":"disabled","ast-breadcrumbs-content":"","ast-featured-img":"disabled","footer-sml-layout":"","theme-transparent-header-meta":"","adv-header-id-meta":"","stick-header-meta":"","header-above-stick-meta":"","header-main-stick-meta":"","header-below-stick-meta":"","astra-migrate-meta-layouts":"default","ast-page-background-enabled":"default","ast-page-background-meta":{"desktop":{"background-color":"var(--ast-global-color-4)","background-image":"","background-repeat":"repeat","background-position":"center center","background-size":"auto","background-attachment":"scroll","background-type":"","background-media":"","overlay-type":"","overlay-color":"","overlay-opacity":"","overlay-gradient":""},"tablet":{"background-color":"","background-image":"","background-repeat":"repeat","background-position":"center center","background-size":"auto","background-attachment":"scroll","background-type":"","background-media":"","overlay-type":"","overlay-color":"","overlay-opacity":"","overlay-gradient":""},"mobile":{"background-color":"","background-image":"","background-repeat":"repeat","background-position":"center center","background-size":"auto","background-attachment":"scroll","background-type":"","background-media":"","overlay-type":"","overlay-color":"","overlay-opacity":"","overlay-gradient":""}},"ast-content-background-meta":{"desktop":{"background-color":"var(--ast-global-color-5)","background-image":"","background-repeat":"repeat","background-position":"center center","background-size":"auto","background-attachment":"scroll","background-type":"","background-media":"","overlay-type":"","overlay-color":"","overlay-opacity":"","overlay-gradient":""},"tablet":{"background-color":"var(--ast-global-color-5)","background-image":"","background-repeat":"repeat","background-position":"center center","background-size":"auto","background-attachment":"scroll","background-type":"","background-media":"","overlay-type":"","overlay-color":"","overlay-opacity":"","overlay-gradient":""},"mobile":{"background-color":"var(--ast-global-color-5)","background-image":"","background-repeat":"repeat","background-position":"center center","background-size":"auto","background-attachment":"scroll","background-type":"","background-media":"","overlay-type":"","overlay-color":"","overlay-opacity":"","overlay-gradient":""}},"footnotes":""},"class_list":["post-458","page","type-page","status-publish","hentry"],"_links":{"self":[{"href":"https:\/\/loca-prestigemontblanc.fr\/index.php?rest_route=\/wp\/v2\/pages\/458","targetHints":{"allow":["GET"]}}],"collection":[{"href":"https:\/\/loca-prestigemontblanc.fr\/index.php?rest_route=\/wp\/v2\/pages"}],"about":[{"href":"https:\/\/loca-prestigemontblanc.fr\/index.php?rest_route=\/wp\/v2\/types\/page"}],"author":[{"embeddable":true,"href":"https:\/\/loca-prestigemontblanc.fr\/index.php?rest_route=\/wp\/v2\/users\/1"}],"replies":[{"embeddable":true,"href":"https:\/\/loca-prestigemontblanc.fr\/index.php?rest_route=%2Fwp%2Fv2%2Fcomments&post=458"}],"version-history":[{"count":7,"href":"https:\/\/loca-prestigemontblanc.fr\/index.php?rest_route=\/wp\/v2\/pages\/458\/revisions"}],"predecessor-version":[{"id":466,"href":"https:\/\/loca-prestigemontblanc.fr\/index.php?rest_route=\/wp\/v2\/pages\/458\/revisions\/466"}],"wp:attachment":[{"href":"https:\/\/loca-prestigemontblanc.fr\/index.php?rest_route=%2Fwp%2Fv2%2Fmedia&parent=458"}],"curies":[{"name":"wp","href":"https:\/\/api.w.org\/{rel}","templated":true}]}}